{"id":929,"date":"2025-08-18T13:31:23","date_gmt":"2025-08-18T13:31:23","guid":{"rendered":"https:\/\/immofly.staging-umgebung.de\/?page_id=929"},"modified":"2025-08-18T15:56:27","modified_gmt":"2025-08-18T15:56:27","slug":"das-unternehmen","status":"publish","type":"page","link":"https:\/\/immofly.staging-umgebung.de\/?page_id=929","title":{"rendered":"Das Unternehmen"},"content":{"rendered":"\t\t<div data-elementor-type=\"wp-page\" data-elementor-id=\"929\" class=\"elementor elementor-929\" data-elementor-post-type=\"page\">\n\t\t\t\t<div class=\"elementor-element elementor-element-bb37d3d e-flex e-con-boxed e-con e-parent\" data-id=\"bb37d3d\" data-element_type=\"container\" data-settings=\"{&quot;background_background&quot;:&quot;classic&quot;}\">\n\t\t\t\t\t<div class=\"e-con-inner\">\n\t\t\t\t<div class=\"elementor-element elementor-element-c261019 elementor-widget elementor-widget-heading\" data-id=\"c261019\" data-element_type=\"widget\" data-widget_type=\"heading.default\">\n\t\t\t\t\t<h2 class=\"elementor-heading-title elementor-size-default\">Nicht ohne mein<br> Team\n\n<\/h2>\t\t\t\t<\/div>\n\t\t\t\t<div class=\"elementor-element elementor-element-71b0c41 elementor-align-left elementor-widget elementor-widget-button\" data-id=\"71b0c41\" data-element_type=\"widget\" data-widget_type=\"button.default\">\n\t\t\t\t\t\t\t\t\t\t<a class=\"elementor-button elementor-button-link elementor-size-sm\" href=\"#\">\n\t\t\t\t\t\t<span class=\"elementor-button-content-wrapper\">\n\t\t\t\t\t\t\t\t\t<span class=\"elementor-button-text\">Fly-Vision<\/span>\n\t\t\t\t\t<\/span>\n\t\t\t\t\t<\/a>\n\t\t\t\t\t\t\t\t<\/div>\n\t\t\t\t\t<\/div>\n\t\t\t\t<\/div>\n\t\t<div class=\"elementor-element elementor-element-656d85d e-flex e-con-boxed e-con e-parent\" data-id=\"656d85d\" data-element_type=\"container\" data-settings=\"{&quot;background_background&quot;:&quot;classic&quot;}\">\n\t\t\t\t\t<div class=\"e-con-inner\">\n\t\t\t\t<div class=\"elementor-element elementor-element-26fc4ba elementor-view-default elementor-position-top elementor-mobile-position-top elementor-widget elementor-widget-icon-box\" data-id=\"26fc4ba\" data-element_type=\"widget\" data-widget_type=\"icon-box.default\">\n\t\t\t\t\t\t\t<div class=\"elementor-icon-box-wrapper\">\n\n\t\t\t\t\t\t<div class=\"elementor-icon-box-icon\">\n\t\t\t\t<span  class=\"elementor-icon\">\n\t\t\t\t<svg aria-hidden=\"true\" class=\"e-font-icon-svg e-fas-star\" viewBox=\"0 0 576 512\" xmlns=\"http:\/\/www.w3.org\/2000\/svg\"><path d=\"M259.3 17.8L194 150.2 47.9 171.5c-26.2 3.8-36.7 36.1-17.7 54.6l105.7 103-25 145.5c-4.5 26.3 23.2 46 46.4 33.7L288 439.6l130.7 68.7c23.2 12.2 50.9-7.4 46.4-33.7l-25-145.5 105.7-103c19-18.5 8.5-50.8-17.7-54.6L382 150.2 316.7 17.8c-11.7-23.6-45.6-23.9-57.4 0z\"><\/path><\/svg>\t\t\t\t<\/span>\n\t\t\t<\/div>\n\t\t\t\n\t\t\t\t\t\t<div class=\"elementor-icon-box-content\">\n\n\t\t\t\t\t\t\t\t\t<h3 class=\"elementor-icon-box-title\">\n\t\t\t\t\t\t<span  >\n\t\t\t\t\t\t\tDas Unternehmen Immofly\t\t\t\t\t\t<\/span>\n\t\t\t\t\t<\/h3>\n\t\t\t\t\n\t\t\t\t\n\t\t\t<\/div>\n\t\t\t\n\t\t<\/div>\n\t\t\t\t\t\t<\/div>\n\t\t\t\t<div class=\"elementor-element elementor-element-f952c97 elementor-widget elementor-widget-heading\" data-id=\"f952c97\" data-element_type=\"widget\" data-widget_type=\"heading.default\">\n\t\t\t\t\t<h4 class=\"elementor-heading-title elementor-size-default\">Schon mal gefragt, wof\u00fcr ein Immobilienmakler gut ist?\n<\/h4>\t\t\t\t<\/div>\n\t\t\t\t<div class=\"elementor-element elementor-element-c1284ee elementor-widget elementor-widget-heading\" data-id=\"c1284ee\" data-element_type=\"widget\" data-widget_type=\"heading.default\">\n\t\t\t\t\t<h4 class=\"elementor-heading-title elementor-size-default\">Liebe Fly-Fans, wir m\u00fcssen reden\n\n<\/h4>\t\t\t\t<\/div>\n\t\t<div class=\"elementor-element elementor-element-08c0c8b e-con-full e-flex e-con e-child\" data-id=\"08c0c8b\" data-element_type=\"container\">\n\t\t<div class=\"elementor-element elementor-element-c5022d3 e-con-full e-flex e-con e-child\" data-id=\"c5022d3\" data-element_type=\"container\">\n\t\t\t\t<div class=\"elementor-element elementor-element-a4b0156 elementor-widget elementor-widget-image\" data-id=\"a4b0156\" data-element_type=\"widget\" data-widget_type=\"image.default\">\n\t\t\t\t\t\t\t\t\t\t\t\t\t\t\t<img fetchpriority=\"high\" decoding=\"async\" width=\"800\" height=\"523\" src=\"https:\/\/immofly.staging-umgebung.de\/wp-content\/uploads\/2025\/08\/warum-gibt-es-immofly-1024x670.jpg\" class=\"attachment-large size-large wp-image-974\" alt=\"\" srcset=\"https:\/\/immofly.staging-umgebung.de\/wp-content\/uploads\/2025\/08\/warum-gibt-es-immofly-1024x670.jpg 1024w, https:\/\/immofly.staging-umgebung.de\/wp-content\/uploads\/2025\/08\/warum-gibt-es-immofly-300x196.jpg 300w, https:\/\/immofly.staging-umgebung.de\/wp-content\/uploads\/2025\/08\/warum-gibt-es-immofly-768x503.jpg 768w, https:\/\/immofly.staging-umgebung.de\/wp-content\/uploads\/2025\/08\/warum-gibt-es-immofly-1536x1006.jpg 1536w, https:\/\/immofly.staging-umgebung.de\/wp-content\/uploads\/2025\/08\/warum-gibt-es-immofly.jpg 1920w\" sizes=\"(max-width: 800px) 100vw, 800px\" \/>\t\t\t\t\t\t\t\t\t\t\t\t\t\t\t<\/div>\n\t\t\t\t<\/div>\n\t\t<div class=\"elementor-element elementor-element-f333f24 e-con-full e-flex e-con e-child\" data-id=\"f333f24\" data-element_type=\"container\">\n\t\t\t\t<div class=\"elementor-element elementor-element-5a14ec5 elementor-widget elementor-widget-heading\" data-id=\"5a14ec5\" data-element_type=\"widget\" data-widget_type=\"heading.default\">\n\t\t\t\t\t<h4 class=\"elementor-heading-title elementor-size-default\">Warum gibt es Immofly?\n<\/h4>\t\t\t\t<\/div>\n\t\t\t\t<div class=\"elementor-element elementor-element-fa78670 elementor-widget elementor-widget-text-editor\" data-id=\"fa78670\" data-element_type=\"widget\" data-widget_type=\"text-editor.default\">\n\t\t\t\t\t\t\t\t\t<p>Uns gibt es, damit jeder f\u00fcr sich und seine Familie seine eigene Zukunft selbst gestaltet. Damit unsere Kinder es leichter haben als wir. Damit wir jetzt und im Alter unbeschwert das Leben genie\u00dfen k\u00f6nnen. Und damit wir stets Spa\u00df und Freude am Leben beibehalten.<\/p><p>Jeder hat schon diesen Satz geh\u00f6rt \u201eH\u00e4tte ich schon vor 10 Jahren ein Haus gekauft\u2026 Heute ist es schon zu sp\u00e4t\u201c Es ist nie zu sp\u00e4t! Und je l\u00e4nger Sie warten, desto mehr geht Ihnen verloren. Sicherlich muss man sinnvoll investieren und ein besonderes Augenmerk auf die Lage legen. Lohnt sich noch der Kauf in D\u00fcsseldorf oder ist man in der Umgebung wie Grevenbroich, Erkelenz oder Heinsberg besser aufgehoben?<\/p>\t\t\t\t\t\t\t\t<\/div>\n\t\t\t\t<\/div>\n\t\t\t\t<\/div>\n\t\t<div class=\"elementor-element elementor-element-8e2be0a e-con-full e-flex e-con e-child\" data-id=\"8e2be0a\" data-element_type=\"container\">\n\t\t<div class=\"elementor-element elementor-element-14914d2 e-con-full e-flex e-con e-child\" data-id=\"14914d2\" data-element_type=\"container\">\n\t\t\t\t<div class=\"elementor-element elementor-element-6e4a29e elementor-widget elementor-widget-heading\" data-id=\"6e4a29e\" data-element_type=\"widget\" data-widget_type=\"heading.default\">\n\t\t\t\t\t<h4 class=\"elementor-heading-title elementor-size-default\">Wie tun wir das?\n<\/h4>\t\t\t\t<\/div>\n\t\t\t\t<div class=\"elementor-element elementor-element-5e8a484 elementor-widget elementor-widget-text-editor\" data-id=\"5e8a484\" data-element_type=\"widget\" data-widget_type=\"text-editor.default\">\n\t\t\t\t\t\t\t\t\t<p>Unsere Mitarbeiter sind unsere zweite Familie. Gemeinsam besuchen wir jedes Quartal mehrt\u00e4tige Schulungsveranstaltungen mit Deutschlands Top Trainern. Gemeinsam unternehmen wir in unserer Freizeit sowohl kleinere Grillabende, Bootstouren, St\u00e4dtereisen als auch jeden Januar Ausfl\u00fcge ins Ausland, nach Thailand oder die Dominikanische Republik. St\u00e4ndig bilden wir Immobilienkaufleute und Kaufleute f\u00fcr B\u00fcromanagement aus mit der Aussicht auf einen festen und sicheren Arbeitsplatz in der Immofly Familie.<\/p><p>Aber auch unsere Kunden kommen nicht zu kurz. Jeden Sommer veranstalten wir f\u00fcr unsere treuen Kunden Seefeste mit Live Dj, Gewinnspielen, Feuerwerk und nat\u00fcrlich auch einem Kinderprogramm. Die mehreren Hundert Tickets sind immer sehr begehrt.<\/p><p>Viele fragen sich, wie Immofly es schafft solch ein Marketing zu betreiben. Jeden Mittwoch von 8.00 bis 10.00 Uhr findet in den Immofly R\u00e4umen in Heinsberg unser Teammeeting statt. Hier werden Ideen ausgetauscht und direkt von unserer hauseigenen Grafikabteilung umgesetzt.<\/p><p>Wie kommt Immofly an immer mehr Neubau Immobilienprojekte? Mit fest angestellten Architekten, Grafikern, Grundst\u00fccksbeauftragten, Fachverk\u00e4ufern und Vision\u00e4ren decken wir 100 Jahre Know How. Aktuell vermarkten wir Mehrfamilienh\u00e4user von 6 bis 40 Wohnungen in den St\u00e4dten Heinsberg, D\u00fcren, Wuppertal, M\u00f6nchengladbach und Meersburg am Bodensee.<\/p>\t\t\t\t\t\t\t\t<\/div>\n\t\t\t\t<\/div>\n\t\t<div class=\"elementor-element elementor-element-0f1c1de e-con-full e-flex e-con e-child\" data-id=\"0f1c1de\" data-element_type=\"container\">\n\t\t\t\t<div class=\"elementor-element elementor-element-8a1db01 elementor-widget elementor-widget-image\" data-id=\"8a1db01\" data-element_type=\"widget\" data-widget_type=\"image.default\">\n\t\t\t\t\t\t\t\t\t\t\t\t\t\t\t<img decoding=\"async\" width=\"800\" height=\"532\" src=\"https:\/\/immofly.staging-umgebung.de\/wp-content\/uploads\/2025\/08\/wie-tuen-wir-das-1024x681.jpg\" class=\"attachment-large size-large wp-image-999\" alt=\"\" srcset=\"https:\/\/immofly.staging-umgebung.de\/wp-content\/uploads\/2025\/08\/wie-tuen-wir-das-1024x681.jpg 1024w, https:\/\/immofly.staging-umgebung.de\/wp-content\/uploads\/2025\/08\/wie-tuen-wir-das-300x200.jpg 300w, https:\/\/immofly.staging-umgebung.de\/wp-content\/uploads\/2025\/08\/wie-tuen-wir-das-768x511.jpg 768w, https:\/\/immofly.staging-umgebung.de\/wp-content\/uploads\/2025\/08\/wie-tuen-wir-das-1536x1022.jpg 1536w, https:\/\/immofly.staging-umgebung.de\/wp-content\/uploads\/2025\/08\/wie-tuen-wir-das.jpg 1920w\" sizes=\"(max-width: 800px) 100vw, 800px\" \/>\t\t\t\t\t\t\t\t\t\t\t\t\t\t\t<\/div>\n\t\t\t\t<\/div>\n\t\t\t\t<\/div>\n\t\t<div class=\"elementor-element elementor-element-39380d9 e-con-full e-flex e-con e-child\" data-id=\"39380d9\" data-element_type=\"container\">\n\t\t<div class=\"elementor-element elementor-element-27cef12 e-con-full e-flex e-con e-child\" data-id=\"27cef12\" data-element_type=\"container\">\n\t\t\t\t<div class=\"elementor-element elementor-element-2e1cb46 elementor-widget elementor-widget-image\" data-id=\"2e1cb46\" data-element_type=\"widget\" data-widget_type=\"image.default\">\n\t\t\t\t\t\t\t\t\t\t\t\t\t\t\t<img decoding=\"async\" width=\"800\" height=\"534\" src=\"https:\/\/immofly.staging-umgebung.de\/wp-content\/uploads\/2025\/08\/was-wollen-wir-erreichen-1024x683.jpg\" class=\"attachment-large size-large wp-image-1009\" alt=\"\" srcset=\"https:\/\/immofly.staging-umgebung.de\/wp-content\/uploads\/2025\/08\/was-wollen-wir-erreichen-1024x683.jpg 1024w, https:\/\/immofly.staging-umgebung.de\/wp-content\/uploads\/2025\/08\/was-wollen-wir-erreichen-300x200.jpg 300w, https:\/\/immofly.staging-umgebung.de\/wp-content\/uploads\/2025\/08\/was-wollen-wir-erreichen-768x512.jpg 768w, https:\/\/immofly.staging-umgebung.de\/wp-content\/uploads\/2025\/08\/was-wollen-wir-erreichen-1536x1025.jpg 1536w, https:\/\/immofly.staging-umgebung.de\/wp-content\/uploads\/2025\/08\/was-wollen-wir-erreichen.jpg 1920w\" sizes=\"(max-width: 800px) 100vw, 800px\" \/>\t\t\t\t\t\t\t\t\t\t\t\t\t\t\t<\/div>\n\t\t\t\t<\/div>\n\t\t<div class=\"elementor-element elementor-element-97a64f3 e-con-full e-flex e-con e-child\" data-id=\"97a64f3\" data-element_type=\"container\">\n\t\t\t\t<div class=\"elementor-element elementor-element-b2794e1 elementor-widget elementor-widget-heading\" data-id=\"b2794e1\" data-element_type=\"widget\" data-widget_type=\"heading.default\">\n\t\t\t\t\t<h4 class=\"elementor-heading-title elementor-size-default\">Was wollen wir erreichen?\n<\/h4>\t\t\t\t<\/div>\n\t\t\t\t<div class=\"elementor-element elementor-element-a86c671 elementor-widget elementor-widget-text-editor\" data-id=\"a86c671\" data-element_type=\"widget\" data-widget_type=\"text-editor.default\">\n\t\t\t\t\t\t\t\t\t<p>T\u00e4glich bekommen wir von unseren Kunden Feedback, was den Kunden gef\u00e4llt und wo sie Verbesserungsbedarf sehen. Das hat uns verleitet eigene Neubauprojekte zu planen und zu realisieren, welche nah an den W\u00fcnschen unserer Kunden stehen. Unser erstes eigenes Neubauprojekt \u201eiLeven\u201c in Heinsberg ist auf dieser Basis entstanden. Wie haben wir das geschafft? Zwei Vollzeitangestellte Architekten, 100 Teammeetings und tausende Besichtigungstermine sind die Basis unserer Entwicklung. Wir m\u00f6chten kompromisslose Wohnr\u00e4ume schaffen. Wir m\u00f6chten, dass Familien mit Kindern sich ihre Tr\u00e4ume leisten k\u00f6nnen. Wir wollen Familien unterst\u00fctzen und ihr t\u00e4gliches Engagement belohnen. In Deutschland haben wir aber auch Singles und P\u00e4rchen, die erstmal nur eine kleine Wohnung brauchen.<\/p><p>Davon haben wir in unserer Region ebenfalls gro\u00dfen Nachholbedarf. Auch hier engagiert sich Immofly mit einzigartigen Zukunftskonzepten.<\/p>\t\t\t\t\t\t\t\t<\/div>\n\t\t\t\t<\/div>\n\t\t\t\t<\/div>\n\t\t\t\t\t<\/div>\n\t\t\t\t<\/div>\n\t\t<div class=\"elementor-element elementor-element-392835e e-flex e-con-boxed e-con e-parent\" data-id=\"392835e\" data-element_type=\"container\">\n\t\t\t\t\t<div class=\"e-con-inner\">\n\t\t<div class=\"elementor-element elementor-element-1e17f40 e-con-full e-flex e-con e-child\" data-id=\"1e17f40\" data-element_type=\"container\">\n\t\t\t\t<div class=\"elementor-element elementor-element-8042894 elementor-view-default elementor-position-top elementor-mobile-position-top elementor-widget elementor-widget-icon-box\" data-id=\"8042894\" data-element_type=\"widget\" data-widget_type=\"icon-box.default\">\n\t\t\t\t\t\t\t<div class=\"elementor-icon-box-wrapper\">\n\n\t\t\t\t\t\t<div class=\"elementor-icon-box-icon\">\n\t\t\t\t<span  class=\"elementor-icon\">\n\t\t\t\t<svg aria-hidden=\"true\" class=\"e-font-icon-svg e-fas-star\" viewBox=\"0 0 576 512\" xmlns=\"http:\/\/www.w3.org\/2000\/svg\"><path d=\"M259.3 17.8L194 150.2 47.9 171.5c-26.2 3.8-36.7 36.1-17.7 54.6l105.7 103-25 145.5c-4.5 26.3 23.2 46 46.4 33.7L288 439.6l130.7 68.7c23.2 12.2 50.9-7.4 46.4-33.7l-25-145.5 105.7-103c19-18.5 8.5-50.8-17.7-54.6L382 150.2 316.7 17.8c-11.7-23.6-45.6-23.9-57.4 0z\"><\/path><\/svg>\t\t\t\t<\/span>\n\t\t\t<\/div>\n\t\t\t\n\t\t\t\t\t\t<div class=\"elementor-icon-box-content\">\n\n\t\t\t\t\t\t\t\t\t<h3 class=\"elementor-icon-box-title\">\n\t\t\t\t\t\t<span  >\n\t\t\t\t\t\t\tVerk\u00e4ufer Brosch\u00fcre Online ansehen\t\t\t\t\t\t<\/span>\n\t\t\t\t\t<\/h3>\n\t\t\t\t\n\t\t\t\t\t\t\t\t\t<p class=\"elementor-icon-box-description\">\n\t\t\t\t\t\tErfahren Sie, wie begeisterte Eigent\u00fcmer in 5 Schritten Ihre Immobilie zum bestm\u00f6glichen Preis verkaufen.\n\n\t\t\t\t\t<\/p>\n\t\t\t\t\n\t\t\t<\/div>\n\t\t\t\n\t\t<\/div>\n\t\t\t\t\t\t<\/div>\n\t\t\t\t<div class=\"elementor-element elementor-element-43cf8fb elementor-align-left elementor-widget elementor-widget-button\" data-id=\"43cf8fb\" data-element_type=\"widget\" data-widget_type=\"button.default\">\n\t\t\t\t\t\t\t\t\t\t<a class=\"elementor-button elementor-button-link elementor-size-sm\" href=\"#\">\n\t\t\t\t\t\t<span class=\"elementor-button-content-wrapper\">\n\t\t\t\t\t\t\t\t\t<span class=\"elementor-button-text\">Jetzt bl\u00e4ttern<\/span>\n\t\t\t\t\t<\/span>\n\t\t\t\t\t<\/a>\n\t\t\t\t\t\t\t\t<\/div>\n\t\t\t\t<\/div>\n\t\t<div class=\"elementor-element elementor-element-bc3278f e-con-full e-flex e-con e-child\" data-id=\"bc3278f\" data-element_type=\"container\">\n\t\t\t\t<div class=\"elementor-element elementor-element-9b6ec0c elementor-widget elementor-widget-image\" data-id=\"9b6ec0c\" data-element_type=\"widget\" data-widget_type=\"image.default\">\n\t\t\t\t\t\t\t\t\t\t\t\t\t\t\t<img loading=\"lazy\" decoding=\"async\" width=\"800\" height=\"577\" src=\"https:\/\/immofly.staging-umgebung.de\/wp-content\/uploads\/2025\/08\/leistungen-broschuere-1.png\" class=\"attachment-large size-large wp-image-780\" alt=\"\" srcset=\"https:\/\/immofly.staging-umgebung.de\/wp-content\/uploads\/2025\/08\/leistungen-broschuere-1.png 1000w, https:\/\/immofly.staging-umgebung.de\/wp-content\/uploads\/2025\/08\/leistungen-broschuere-1-300x216.png 300w, https:\/\/immofly.staging-umgebung.de\/wp-content\/uploads\/2025\/08\/leistungen-broschuere-1-768x554.png 768w\" sizes=\"(max-width: 800px) 100vw, 800px\" \/>\t\t\t\t\t\t\t\t\t\t\t\t\t\t\t<\/div>\n\t\t\t\t<\/div>\n\t\t\t\t\t<\/div>\n\t\t\t\t<\/div>\n\t\t\t\t<\/div>\n\t\t","protected":false},"excerpt":{"rendered":"<p>Nicht ohne mein Team Fly-Vision Das Unternehmen Immofly Schon mal gefragt, wof\u00fcr ein Immobilienmakler gut ist? Liebe Fly-Fans, wir m\u00fcssen reden Warum gibt es Immofly? Uns gibt es, damit jeder f\u00fcr sich und seine Familie seine eigene Zukunft selbst gestaltet. Damit unsere Kinder es leichter haben als wir. Damit wir jetzt und im Alter unbeschwert [&hellip;]<\/p>\n","protected":false},"author":1,"featured_media":0,"parent":0,"menu_order":0,"comment_status":"closed","ping_status":"closed","template":"","meta":{"_acf_changed":false,"footnotes":""},"class_list":["post-929","page","type-page","status-publish","hentry"],"acf":[],"_links":{"self":[{"href":"https:\/\/immofly.staging-umgebung.de\/index.php?rest_route=\/wp\/v2\/pages\/929","targetHints":{"allow":["GET"]}}],"collection":[{"href":"https:\/\/immofly.staging-umgebung.de\/index.php?rest_route=\/wp\/v2\/pages"}],"about":[{"href":"https:\/\/immofly.staging-umgebung.de\/index.php?rest_route=\/wp\/v2\/types\/page"}],"author":[{"embeddable":true,"href":"https:\/\/immofly.staging-umgebung.de\/index.php?rest_route=\/wp\/v2\/users\/1"}],"replies":[{"embeddable":true,"href":"https:\/\/immofly.staging-umgebung.de\/index.php?rest_route=%2Fwp%2Fv2%2Fcomments&post=929"}],"version-history":[{"count":106,"href":"https:\/\/immofly.staging-umgebung.de\/index.php?rest_route=\/wp\/v2\/pages\/929\/revisions"}],"predecessor-version":[{"id":1318,"href":"https:\/\/immofly.staging-umgebung.de\/index.php?rest_route=\/wp\/v2\/pages\/929\/revisions\/1318"}],"wp:attachment":[{"href":"https:\/\/immofly.staging-umgebung.de\/index.php?rest_route=%2Fwp%2Fv2%2Fmedia&parent=929"}],"curies":[{"name":"wp","href":"https:\/\/api.w.org\/{rel}","templated":true}]}}