{"id":751,"date":"2025-08-18T12:09:36","date_gmt":"2025-08-18T12:09:36","guid":{"rendered":"https:\/\/immofly.staging-umgebung.de\/?page_id=751"},"modified":"2025-08-20T14:53:55","modified_gmt":"2025-08-20T14:53:55","slug":"meinungen","status":"publish","type":"page","link":"https:\/\/immofly.staging-umgebung.de\/?page_id=751","title":{"rendered":"Meinungen"},"content":{"rendered":"\t\t<div data-elementor-type=\"wp-page\" data-elementor-id=\"751\" class=\"elementor elementor-751\" data-elementor-post-type=\"page\">\n\t\t\t\t<div class=\"elementor-element elementor-element-e8e583a e-flex e-con-boxed e-con e-parent\" data-id=\"e8e583a\" data-element_type=\"container\" data-settings=\"{&quot;background_background&quot;:&quot;classic&quot;}\">\n\t\t\t\t\t<div class=\"e-con-inner\">\n\t\t\t\t<div class=\"elementor-element elementor-element-4cb43f5 elementor-widget elementor-widget-heading\" data-id=\"4cb43f5\" data-element_type=\"widget\" data-widget_type=\"heading.default\">\n\t\t\t\t\t<h2 class=\"elementor-heading-title elementor-size-default\">Top-Bewertungen <br>und Meinungen\n\n<\/h2>\t\t\t\t<\/div>\n\t\t\t\t<div class=\"elementor-element elementor-element-47d5dfc elementor-align-left elementor-widget elementor-widget-button\" data-id=\"47d5dfc\" data-element_type=\"widget\" data-widget_type=\"button.default\">\n\t\t\t\t\t\t\t\t\t\t<a class=\"elementor-button elementor-button-link elementor-size-sm\" href=\"#\">\n\t\t\t\t\t\t<span class=\"elementor-button-content-wrapper\">\n\t\t\t\t\t\t\t\t\t<span class=\"elementor-button-text\">Meinungen<\/span>\n\t\t\t\t\t<\/span>\n\t\t\t\t\t<\/a>\n\t\t\t\t\t\t\t\t<\/div>\n\t\t\t\t\t<\/div>\n\t\t\t\t<\/div>\n\t\t<div class=\"elementor-element elementor-element-0e48d9b e-flex e-con-boxed e-con e-parent\" data-id=\"0e48d9b\" data-element_type=\"container\" data-settings=\"{&quot;background_background&quot;:&quot;classic&quot;}\">\n\t\t\t\t\t<div class=\"e-con-inner\">\n\t\t\t\t<div class=\"elementor-element elementor-element-f559155 elementor-view-default elementor-position-top elementor-mobile-position-top elementor-widget elementor-widget-icon-box\" data-id=\"f559155\" data-element_type=\"widget\" data-widget_type=\"icon-box.default\">\n\t\t\t\t\t\t\t<div class=\"elementor-icon-box-wrapper\">\n\n\t\t\t\t\t\t<div class=\"elementor-icon-box-icon\">\n\t\t\t\t<span  class=\"elementor-icon\">\n\t\t\t\t<svg aria-hidden=\"true\" class=\"e-font-icon-svg e-far-comments\" viewBox=\"0 0 576 512\" xmlns=\"http:\/\/www.w3.org\/2000\/svg\"><path d=\"M532 386.2c27.5-27.1 44-61.1 44-98.2 0-80-76.5-146.1-176.2-157.9C368.3 72.5 294.3 32 208 32 93.1 32 0 103.6 0 192c0 37 16.5 71 44 98.2-15.3 30.7-37.3 54.5-37.7 54.9-6.3 6.7-8.1 16.5-4.4 25 3.6 8.5 12 14 21.2 14 53.5 0 96.7-20.2 125.2-38.8 9.2 2.1 18.7 3.7 28.4 4.9C208.1 407.6 281.8 448 368 448c20.8 0 40.8-2.4 59.8-6.8C456.3 459.7 499.4 480 553 480c9.2 0 17.5-5.5 21.2-14 3.6-8.5 1.9-18.3-4.4-25-.4-.3-22.5-24.1-37.8-54.8zm-392.8-92.3L122.1 305c-14.1 9.1-28.5 16.3-43.1 21.4 2.7-4.7 5.4-9.7 8-14.8l15.5-31.1L77.7 256C64.2 242.6 48 220.7 48 192c0-60.7 73.3-112 160-112s160 51.3 160 112-73.3 112-160 112c-16.5 0-33-1.9-49-5.6l-19.8-4.5zM498.3 352l-24.7 24.4 15.5 31.1c2.6 5.1 5.3 10.1 8 14.8-14.6-5.1-29-12.3-43.1-21.4l-17.1-11.1-19.9 4.6c-16 3.7-32.5 5.6-49 5.6-54 0-102.2-20.1-131.3-49.7C338 339.5 416 272.9 416 192c0-3.4-.4-6.7-.7-10C479.7 196.5 528 238.8 528 288c0 28.7-16.2 50.6-29.7 64z\"><\/path><\/svg>\t\t\t\t<\/span>\n\t\t\t<\/div>\n\t\t\t\n\t\t\t\t\t\t<div class=\"elementor-icon-box-content\">\n\n\t\t\t\t\t\t\t\t\t<h3 class=\"elementor-icon-box-title\">\n\t\t\t\t\t\t<span  >\n\t\t\t\t\t\t\tUnsere Meinungen\t\t\t\t\t\t<\/span>\n\t\t\t\t\t<\/h3>\n\t\t\t\t\n\t\t\t\t\n\t\t\t<\/div>\n\t\t\t\n\t\t<\/div>\n\t\t\t\t\t\t<\/div>\n\t\t\t\t<div class=\"elementor-element elementor-element-edde107 elementor-widget__width-initial elementor-widget elementor-widget-text-editor\" data-id=\"edde107\" data-element_type=\"widget\" data-widget_type=\"text-editor.default\">\n\t\t\t\t\t\t\t\t\t<p>Regelm\u00e4\u00dfige Top-Bewertungen in unabh\u00e4ngigen Portalen best\u00e4tigen uns in unserem hohen Qualit\u00e4tsanspruch. Vertrauen Sie unserer langj\u00e4hrigen Erfahrung und Branchenkompetenz \u2013 wir m\u00f6chten, dass Sie rundum zufrieden sind.<\/p>\t\t\t\t\t\t\t\t<\/div>\n\t\t\t\t\t<\/div>\n\t\t\t\t<\/div>\n\t\t<div class=\"elementor-element elementor-element-56df28a e-flex e-con-boxed e-con e-parent\" data-id=\"56df28a\" data-element_type=\"container\">\n\t\t\t\t\t<div class=\"e-con-inner\">\n\t\t<div class=\"elementor-element elementor-element-2c0657d e-con-full e-flex e-con e-child\" data-id=\"2c0657d\" data-element_type=\"container\">\n\t\t\t\t<div class=\"elementor-element elementor-element-6d36ea2 elementor-view-default elementor-position-top elementor-mobile-position-top elementor-widget elementor-widget-icon-box\" data-id=\"6d36ea2\" data-element_type=\"widget\" data-widget_type=\"icon-box.default\">\n\t\t\t\t\t\t\t<div class=\"elementor-icon-box-wrapper\">\n\n\t\t\t\t\t\t<div class=\"elementor-icon-box-icon\">\n\t\t\t\t<span  class=\"elementor-icon\">\n\t\t\t\t<svg aria-hidden=\"true\" class=\"e-font-icon-svg e-far-share-square\" viewBox=\"0 0 576 512\" xmlns=\"http:\/\/www.w3.org\/2000\/svg\"><path d=\"M561.938 158.06L417.94 14.092C387.926-15.922 336 5.097 336 48.032v57.198c-42.45 1.88-84.03 6.55-120.76 17.99-35.17 10.95-63.07 27.58-82.91 49.42C108.22 199.2 96 232.6 96 271.94c0 61.697 33.178 112.455 84.87 144.76 37.546 23.508 85.248-12.651 71.02-55.74-15.515-47.119-17.156-70.923 84.11-78.76V336c0 42.993 51.968 63.913 81.94 33.94l143.998-144c18.75-18.74 18.75-49.14 0-67.88zM384 336V232.16C255.309 234.082 166.492 255.35 206.31 376 176.79 357.55 144 324.08 144 271.94c0-109.334 129.14-118.947 240-119.85V48l144 144-144 144zm24.74 84.493a82.658 82.658 0 0 0 20.974-9.303c7.976-4.952 18.286.826 18.286 10.214V464c0 26.51-21.49 48-48 48H48c-26.51 0-48-21.49-48-48V112c0-26.51 21.49-48 48-48h132c6.627 0 12 5.373 12 12v4.486c0 4.917-2.987 9.369-7.569 11.152-13.702 5.331-26.396 11.537-38.05 18.585a12.138 12.138 0 0 1-6.28 1.777H54a6 6 0 0 0-6 6v340a6 6 0 0 0 6 6h340a6 6 0 0 0 6-6v-25.966c0-5.37 3.579-10.059 8.74-11.541z\"><\/path><\/svg>\t\t\t\t<\/span>\n\t\t\t<\/div>\n\t\t\t\n\t\t\t\t\t\t<div class=\"elementor-icon-box-content\">\n\n\t\t\t\t\t\t\t\t\t<h3 class=\"elementor-icon-box-title\">\n\t\t\t\t\t\t<span  >\n\t\t\t\t\t\t\tVerk\u00e4ufer Brosch\u00fcre Online ansehen\t\t\t\t\t\t<\/span>\n\t\t\t\t\t<\/h3>\n\t\t\t\t\n\t\t\t\t\t\t\t\t\t<p class=\"elementor-icon-box-description\">\n\t\t\t\t\t\tErfahren Sie, wie begeisterte Eigent\u00fcmer in 5 Schritten Ihre Immobilie zum bestm\u00f6glichen Preis verkaufen.\t\t\t\t\t<\/p>\n\t\t\t\t\n\t\t\t<\/div>\n\t\t\t\n\t\t<\/div>\n\t\t\t\t\t\t<\/div>\n\t\t\t\t<div class=\"elementor-element elementor-element-e58f0f4 elementor-align-left elementor-widget elementor-widget-button\" data-id=\"e58f0f4\" data-element_type=\"widget\" data-widget_type=\"button.default\">\n\t\t\t\t\t\t\t\t\t\t<a class=\"elementor-button elementor-button-link elementor-size-sm\" href=\"#\">\n\t\t\t\t\t\t<span class=\"elementor-button-content-wrapper\">\n\t\t\t\t\t\t\t\t\t<span class=\"elementor-button-text\">Jetzt bewerten<\/span>\n\t\t\t\t\t<\/span>\n\t\t\t\t\t<\/a>\n\t\t\t\t\t\t\t\t<\/div>\n\t\t\t\t<\/div>\n\t\t<div class=\"elementor-element elementor-element-9867fa2 e-con-full e-flex e-con e-child\" data-id=\"9867fa2\" data-element_type=\"container\">\n\t\t\t\t<div class=\"elementor-element elementor-element-dc42134 elementor-widget elementor-widget-image\" data-id=\"dc42134\" data-element_type=\"widget\" data-widget_type=\"image.default\">\n\t\t\t\t\t\t\t\t\t\t\t\t\t\t\t<img fetchpriority=\"high\" decoding=\"async\" width=\"800\" height=\"577\" src=\"https:\/\/immofly.staging-umgebung.de\/wp-content\/uploads\/2025\/08\/leistungen-broschuere-1.png\" class=\"attachment-large size-large wp-image-780\" alt=\"\" srcset=\"https:\/\/immofly.staging-umgebung.de\/wp-content\/uploads\/2025\/08\/leistungen-broschuere-1.png 1000w, https:\/\/immofly.staging-umgebung.de\/wp-content\/uploads\/2025\/08\/leistungen-broschuere-1-300x216.png 300w, https:\/\/immofly.staging-umgebung.de\/wp-content\/uploads\/2025\/08\/leistungen-broschuere-1-768x554.png 768w\" sizes=\"(max-width: 800px) 100vw, 800px\" \/>\t\t\t\t\t\t\t\t\t\t\t\t\t\t\t<\/div>\n\t\t\t\t<\/div>\n\t\t\t\t\t<\/div>\n\t\t\t\t<\/div>\n\t\t\t\t<\/div>\n\t\t","protected":false},"excerpt":{"rendered":"<p>Top-Bewertungen und Meinungen Meinungen Unsere Meinungen Regelm\u00e4\u00dfige Top-Bewertungen in unabh\u00e4ngigen Portalen best\u00e4tigen uns in unserem hohen Qualit\u00e4tsanspruch. Vertrauen Sie unserer langj\u00e4hrigen Erfahrung und Branchenkompetenz \u2013 wir m\u00f6chten, dass Sie rundum zufrieden sind. Verk\u00e4ufer Brosch\u00fcre Online ansehen Erfahren Sie, wie begeisterte Eigent\u00fcmer in 5 Schritten Ihre Immobilie zum bestm\u00f6glichen Preis verkaufen. Jetzt bewerten<\/p>\n","protected":false},"author":1,"featured_media":0,"parent":0,"menu_order":0,"comment_status":"closed","ping_status":"closed","template":"","meta":{"_acf_changed":false,"footnotes":""},"class_list":["post-751","page","type-page","status-publish","hentry"],"acf":[],"_links":{"self":[{"href":"https:\/\/immofly.staging-umgebung.de\/index.php?rest_route=\/wp\/v2\/pages\/751","targetHints":{"allow":["GET"]}}],"collection":[{"href":"https:\/\/immofly.staging-umgebung.de\/index.php?rest_route=\/wp\/v2\/pages"}],"about":[{"href":"https:\/\/immofly.staging-umgebung.de\/index.php?rest_route=\/wp\/v2\/types\/page"}],"author":[{"embeddable":true,"href":"https:\/\/immofly.staging-umgebung.de\/index.php?rest_route=\/wp\/v2\/users\/1"}],"replies":[{"embeddable":true,"href":"https:\/\/immofly.staging-umgebung.de\/index.php?rest_route=%2Fwp%2Fv2%2Fcomments&post=751"}],"version-history":[{"count":52,"href":"https:\/\/immofly.staging-umgebung.de\/index.php?rest_route=\/wp\/v2\/pages\/751\/revisions"}],"predecessor-version":[{"id":1611,"href":"https:\/\/immofly.staging-umgebung.de\/index.php?rest_route=\/wp\/v2\/pages\/751\/revisions\/1611"}],"wp:attachment":[{"href":"https:\/\/immofly.staging-umgebung.de\/index.php?rest_route=%2Fwp%2Fv2%2Fmedia&parent=751"}],"curies":[{"name":"wp","href":"https:\/\/api.w.org\/{rel}","templated":true}]}}