{"id":2353,"date":"2025-08-25T11:46:34","date_gmt":"2025-08-25T11:46:34","guid":{"rendered":"https:\/\/immofly.staging-umgebung.de\/?page_id=2353"},"modified":"2025-08-25T12:00:37","modified_gmt":"2025-08-25T12:00:37","slug":"referenzen","status":"publish","type":"page","link":"https:\/\/immofly.staging-umgebung.de\/?page_id=2353","title":{"rendered":"Referenzen"},"content":{"rendered":"\t\t<div data-elementor-type=\"wp-page\" data-elementor-id=\"2353\" class=\"elementor elementor-2353\" data-elementor-post-type=\"page\">\n\t\t\t\t<div class=\"elementor-element elementor-element-22cc251 e-flex e-con-boxed e-con e-parent\" data-id=\"22cc251\" data-element_type=\"container\" data-settings=\"{&quot;background_background&quot;:&quot;classic&quot;}\">\n\t\t\t\t\t<div class=\"e-con-inner\">\n\t\t\t\t\t<\/div>\n\t\t\t\t<\/div>\n\t\t<div class=\"elementor-element elementor-element-5fcc615 e-flex e-con-boxed e-con e-parent\" data-id=\"5fcc615\" data-element_type=\"container\" data-settings=\"{&quot;background_background&quot;:&quot;classic&quot;}\">\n\t\t\t\t\t<div class=\"e-con-inner\">\n\t\t<div class=\"elementor-element elementor-element-36f54ee e-con-full e-flex e-con e-child\" data-id=\"36f54ee\" data-element_type=\"container\">\n\t\t\t\t<div data-frymo-query-id=\"referenz\" data-initial-settings=\"{&quot;marketing_type&quot;:&quot;&quot;,&quot;use_types&quot;:&quot;&quot;,&quot;type&quot;:&quot;&quot;,&quot;country&quot;:&quot;&quot;,&quot;location&quot;:&quot;&quot;,&quot;agent&quot;:&quot;&quot;,&quot;radius&quot;:&quot;&quot;,&quot;search_string&quot;:&quot;&quot;,&quot;price_from&quot;:&quot;&quot;,&quot;price_to&quot;:&quot;&quot;,&quot;rooms_from&quot;:&quot;&quot;,&quot;rooms_to&quot;:&quot;&quot;,&quot;rooms_exact&quot;:&quot;&quot;,&quot;bedrooms_from&quot;:&quot;&quot;,&quot;bedrooms_to&quot;:&quot;&quot;,&quot;bedrooms_exact&quot;:&quot;&quot;,&quot;bathrooms_from&quot;:&quot;&quot;,&quot;bathrooms_to&quot;:&quot;&quot;,&quot;bathrooms_exact&quot;:&quot;&quot;,&quot;area_from&quot;:&quot;&quot;,&quot;area_to&quot;:&quot;&quot;,&quot;area_type&quot;:&quot;&quot;,&quot;features&quot;:&quot;&quot;,&quot;form_action&quot;:&quot;ajax&quot;,&quot;redirect_url&quot;:{&quot;url&quot;:&quot;&quot;,&quot;is_external&quot;:&quot;&quot;,&quot;nofollow&quot;:&quot;&quot;,&quot;custom_attributes&quot;:&quot;&quot;},&quot;query_id&quot;:&quot;referenz&quot;}\" class=\"elementor-element elementor-element-ac65246 elementor-widget elementor-widget-frymo-advanced-search-bar\" data-id=\"ac65246\" data-element_type=\"widget\" data-widget_type=\"frymo-advanced-search-bar.default\">\n\t\t\t\t<div class=\"elementor-widget-container\">\n\t\t\t\t\tTaxonomy Begriffe<form class=\"frymo-form frymo-advanced-search-bar\"><fieldset class=\"elementor-repeater-item-1a350aa frymo-fieldset frymo-location-fieldset\"><legend>Ort<\/legend><label><select name=\"location\" class=\"frymo-input frymo-select-single\"><option value=\"\"  selected='selected'>Alle Orte<\/option><option value=\"239\" >Aldenhoven<\/option><option value=\"233\" >Alsdorf<\/option><option value=\"243\" >Bergisch Gladbach<\/option><option value=\"247\" >Duisburg<\/option><option value=\"251\" >D\u00fcren<\/option><option value=\"228\" >D\u00fcsseldorf \/ Urdenbach<\/option><option value=\"213\" >Erkelenz<\/option><option value=\"248\" >Heinsberg<\/option><option value=\"244\" >Heinsberg \/ Lieck<\/option><option value=\"253\" >Heinsberg \/ Oberbruch<\/option><option value=\"254\" >Heinsberg \/ Straeten<\/option><option value=\"240\" >Heinsberg \/ Waldenrath<\/option><option value=\"245\" >H\u00fcckelhoven \/ Millich<\/option><option value=\"237\" >J\u00fclich<\/option><option value=\"234\" >J\u00fclich \/ Selgersdorf<\/option><option value=\"215\" >Kaarst<\/option><option value=\"241\" >Korschenbroich \/ Kleinenbroich<\/option><option value=\"222\" >Linnich<\/option><option value=\"217\" >M\u00f6nchengladbach<\/option><option value=\"235\" >Nideggen<\/option><option value=\"246\" >Titz<\/option><option value=\"250\" >Titz \/ Hompesch<\/option><option value=\"249\" >\u00dcbach-Palenberg<\/option><option value=\"211\" >Wassenberg<\/option><option value=\"236\" >Wassenberg \/ Myhl<\/option><option value=\"252\" >Wegberg<\/option><option value=\"232\" >W\u00fcrselen \/ Broichweiden<\/option><\/select><select class=\"frymo-input frymo-inner-select frymo-select-single no-type-to-search\" name=\"radius\"><option value=\"\"  selected='selected'>Ganzer Ort<\/option><option value=\"10\" >+10 km<\/option><option value=\"25\" >+25 km<\/option><option value=\"50\" >+50 km<\/option><option value=\"100\" >+100 km<\/option><option value=\"200\" >+200 km<\/option><option value=\"500\" >+500 km<\/option><\/select><\/label><\/fieldset><fieldset class=\"elementor-repeater-item-bbe44ba frymo-fieldset frymo-area-fieldset\"><legend>Fl\u00e4chen<\/legend><label><input type=\"text\" name=\"area_from\" class=\"frymo-input frymo-thousands-separator\" inputmode=\"decimal\" aria-label=\"Von\" placeholder=\"Fl\u00e4che ab (m\u00b2)\" data-format-style=\"browser\" \/><\/label><\/fieldset><fieldset class=\"elementor-repeater-item-d6a50e0 frymo-fieldset frymo-type-fieldset\"><legend>Objekttyp<\/legend><label><select name=\"type\" class=\"frymo-input frymo-select-single\"><option value=\"\"  selected='selected'>Alle Objekttypen<\/option><option value=\"haus\" >Haus<\/option><option value=\"bungalow\" >\u2014 Bungalow<\/option><option value=\"doppelhaushaelfte\" >\u2014 Doppelhaush\u00e4lfte<\/option><option value=\"einfamilienhaus\" >\u2014 Einfamilienhaus<\/option><option value=\"haus_mehrfamilienhaus\" >\u2014 Mehrfamilienhaus<\/option><option value=\"reihenend\" >\u2014 Reihenendhaus<\/option><option value=\"reihenmittel\" >\u2014 Reihenmittelhaus<\/option><option value=\"zweifamilienhaus\" >\u2014 Zweifamilienhaus<\/option><option value=\"wohnung\" >Wohnung<\/option><option value=\"dachgeschoss\" >\u2014 Dachgeschosswohnung<\/option><option value=\"erdgeschoss\" >\u2014 Erdgeschosswohnung<\/option><option value=\"etage\" >\u2014 Etagenwohnung<\/option><option value=\"maisonette\" >\u2014 Maisonettewohnung<\/option><\/select><\/label><\/fieldset><fieldset class=\"elementor-repeater-item-00d9823 frymo-submit-button-fieldset frymo-button-fieldset button-align-justify frymo-submit-mobile-bottom\"><label><button class=\"frymo-submit\" type=\"submit\">Suchen<\/button><\/label><\/fieldset><fieldset class=\"elementor-repeater-item-6a6b3b7 frymo-fieldset frymo-marketing-type-fieldset\"><legend>Vermarktungsart<\/legend><label><select name=\"marketing_type\" class=\"frymo-input frymo-select-single no-type-to-search\"><option value=\"\"  selected='selected'>Kauf &amp; Miete<\/option><option value=\"209\" >Kauf<\/option><option value=\"229\" >Miete<\/option><\/select><\/label><\/fieldset><fieldset class=\"elementor-repeater-item-cb39be2 frymo-fieldset frymo-search-string-fieldset\"><legend>Suchfeld<\/legend><label><input type=\"text\" name=\"search_string\" class=\"frymo-input\" placeholder=\"Wo | Titel | ID\" \/><\/label><input type=\"hidden\" name=\"s_fields\" value=\"title,external_id,zip_code,location,internal_id\" \/><\/fieldset><\/form>\t\t\t\t<\/div>\n\t\t\t\t<\/div>\n\t\t\t\t<div data-frymo-query-id=\"\" data-frymo-widget-settings=\"{&quot;post_id&quot;:2353,&quot;widget_id&quot;:&quot;93ad601&quot;,&quot;query_id&quot;:&quot;&quot;,&quot;scrolltop_offset&quot;:100}\" class=\"elementor-element elementor-element-93ad601 elementor-widget elementor-widget-frymo-listing\" data-id=\"93ad601\" data-element_type=\"widget\" id=\"referenz\" data-widget_type=\"frymo-listing.grid-skin\">\n\t\t\t\t<div class=\"elementor-widget-container\">\n\t\t\t\t\t<div class=\"frymo-listing-toolbar\"><div class=\"frymo-results-count\"><\/div><div class=\"frymo-order-switcher\"><select class=\"frymo-orderby-select\" autocomplete=\"off\"><option value=\"default\"  selected='selected' >Standardsortierung<\/option><option value=\"price_asc\"  >Preis (niedrigste zuerst)<\/option><option value=\"price_desc\"  >Preis (h\u00f6chste zuerst)<\/option><option value=\"rooms_asc\"  >Zimmer (niedrigste zuerst)<\/option><option value=\"rooms_desc\"  >Zimmer (h\u00f6chste zuerst)<\/option><option value=\"area_asc\"  >Fl\u00e4che (niedrigste zuerst)<\/option><option value=\"area_desc\"  >Fl\u00e4che (h\u00f6chste zuerst)<\/option><option value=\"id_asc\"  >ID (kleinste zuerst)<\/option><option value=\"id_desc\"  >ID (gr\u00f6\u00dfte zuerst)<\/option><option value=\"date_asc\"  >Datum (\u00e4lteste zuerst)<\/option><option value=\"date_desc\"  >Datum (neueste zuerst)<\/option><\/select><\/div><\/div><div class=\"frymo-listing frymo-listing-grid-skin \" data-settings=\"{&quot;post_id&quot;:2353,&quot;widget_id&quot;:&quot;93ad601&quot;,&quot;query_id&quot;:&quot;&quot;,&quot;scrolltop_offset&quot;:100}\">        <div class=\"frymo-no-results-message\">\n            <div class=\"no-results-message\">\n\t\t\t\t\t<b>Keine Immobilien gefunden<\/b><\/br>Entschuldigung, dieser Filter hat keine Ergebnisse. Bitte versuchen Sie es mit anderen Kriterien.\t\t\t\t<\/div>\n        <\/div>\n\t\t<\/div>\t\t\t\t<\/div>\n\t\t\t\t<\/div>\n\t\t\t\t<\/div>\n\t\t\t\t\t<\/div>\n\t\t\t\t<\/div>\n\t\t\t\t<\/div>\n\t\t","protected":false},"excerpt":{"rendered":"<p>Ort Alle OrteBonn \/ IppendorfErkelenzGangelt \/ BirgdenH\u00fcckelhoven \/ BaalJ\u00fclich \/ KoslarKaarstK\u00f6lnLinnichM\u00f6nchengladbachWassenbergGanzer Ort+10 km+25 km+50 km+100 km+200 km+500 km Fl\u00e4chen Objekttyp Alle ObjekttypenHaus\u2014 Einfamilienhaus\u2014 ZweifamilienhausWohnung\u2014 Dachgeschosswohnung\u2014 Erdgeschosswohnung\u2014 Etagenwohnung\u2014 Maisonettewohnung Suchen Vermarktungsart Kaufen &amp; MietenKauf Suchfeld StandardsortierungPreis (niedrigste zuerst)Preis (h\u00f6chste zuerst)Zimmer (niedrigste zuerst)Zimmer (h\u00f6chste zuerst)Fl\u00e4che (niedrigste zuerst)Fl\u00e4che (h\u00f6chste zuerst)ID (kleinste zuerst)ID (gr\u00f6\u00dfte zuerst)Datum (\u00e4lteste zuerst)Datum (neueste zuerst) [&hellip;]<\/p>\n","protected":false},"author":1,"featured_media":0,"parent":0,"menu_order":0,"comment_status":"closed","ping_status":"closed","template":"","meta":{"_acf_changed":false,"footnotes":""},"class_list":["post-2353","page","type-page","status-publish","hentry"],"acf":[],"_links":{"self":[{"href":"https:\/\/immofly.staging-umgebung.de\/index.php?rest_route=\/wp\/v2\/pages\/2353","targetHints":{"allow":["GET"]}}],"collection":[{"href":"https:\/\/immofly.staging-umgebung.de\/index.php?rest_route=\/wp\/v2\/pages"}],"about":[{"href":"https:\/\/immofly.staging-umgebung.de\/index.php?rest_route=\/wp\/v2\/types\/page"}],"author":[{"embeddable":true,"href":"https:\/\/immofly.staging-umgebung.de\/index.php?rest_route=\/wp\/v2\/users\/1"}],"replies":[{"embeddable":true,"href":"https:\/\/immofly.staging-umgebung.de\/index.php?rest_route=%2Fwp%2Fv2%2Fcomments&post=2353"}],"version-history":[{"count":46,"href":"https:\/\/immofly.staging-umgebung.de\/index.php?rest_route=\/wp\/v2\/pages\/2353\/revisions"}],"predecessor-version":[{"id":2413,"href":"https:\/\/immofly.staging-umgebung.de\/index.php?rest_route=\/wp\/v2\/pages\/2353\/revisions\/2413"}],"wp:attachment":[{"href":"https:\/\/immofly.staging-umgebung.de\/index.php?rest_route=%2Fwp%2Fv2%2Fmedia&parent=2353"}],"curies":[{"name":"wp","href":"https:\/\/api.w.org\/{rel}","templated":true}]}}